{"id":201,"date":"2025-05-31T22:10:27","date_gmt":"2025-05-31T22:10:27","guid":{"rendered":"https:\/\/glorwa.com\/?post_type=product&#038;p=201"},"modified":"2025-08-09T18:43:13","modified_gmt":"2025-08-09T18:43:13","slug":"coffret-2-parfums-2","status":"publish","type":"product","link":"https:\/\/glorwa.com\/?product=coffret-2-parfums-2","title":{"rendered":"Coffret 2 Parfums"},"content":{"rendered":"<p><strong>Clients satisfaits:<\/strong><\/p>\n<p><img loading=\"lazy\" decoding=\"async\" class=\"alignnone size-medium wp-image-127\" src=\"https:\/\/glorwa.com\/wp-content\/uploads\/2025\/01\/353636101_216927261215329_3877200405556558678_n-300x300.jpg\" alt=\"\" width=\"300\" height=\"300\" srcset=\"https:\/\/glorwa.com\/wp-content\/uploads\/2025\/01\/353636101_216927261215329_3877200405556558678_n-300x300.jpg 300w, https:\/\/glorwa.com\/wp-content\/uploads\/2025\/01\/353636101_216927261215329_3877200405556558678_n-100x100.jpg 100w, https:\/\/glorwa.com\/wp-content\/uploads\/2025\/01\/353636101_216927261215329_3877200405556558678_n-600x600.jpg 600w, https:\/\/glorwa.com\/wp-content\/uploads\/2025\/01\/353636101_216927261215329_3877200405556558678_n-1024x1024.jpg 1024w, https:\/\/glorwa.com\/wp-content\/uploads\/2025\/01\/353636101_216927261215329_3877200405556558678_n-150x150.jpg 150w, https:\/\/glorwa.com\/wp-content\/uploads\/2025\/01\/353636101_216927261215329_3877200405556558678_n-768x768.jpg 768w, https:\/\/glorwa.com\/wp-content\/uploads\/2025\/01\/353636101_216927261215329_3877200405556558678_n.jpg 1080w\" sizes=\"auto, (max-width: 300px) 100vw, 300px\" \/> <img loading=\"lazy\" decoding=\"async\" class=\"alignnone size-medium wp-image-133\" src=\"https:\/\/glorwa.com\/wp-content\/uploads\/2025\/01\/366368543_250797544494967_7518920695420659627_n-300x300.jpg\" alt=\"\" width=\"300\" height=\"300\" srcset=\"https:\/\/glorwa.com\/wp-content\/uploads\/2025\/01\/366368543_250797544494967_7518920695420659627_n-300x300.jpg 300w, https:\/\/glorwa.com\/wp-content\/uploads\/2025\/01\/366368543_250797544494967_7518920695420659627_n-100x100.jpg 100w, https:\/\/glorwa.com\/wp-content\/uploads\/2025\/01\/366368543_250797544494967_7518920695420659627_n-600x600.jpg 600w, https:\/\/glorwa.com\/wp-content\/uploads\/2025\/01\/366368543_250797544494967_7518920695420659627_n-1024x1024.jpg 1024w, https:\/\/glorwa.com\/wp-content\/uploads\/2025\/01\/366368543_250797544494967_7518920695420659627_n-150x150.jpg 150w, https:\/\/glorwa.com\/wp-content\/uploads\/2025\/01\/366368543_250797544494967_7518920695420659627_n-768x768.jpg 768w, https:\/\/glorwa.com\/wp-content\/uploads\/2025\/01\/366368543_250797544494967_7518920695420659627_n.jpg 1080w\" sizes=\"auto, (max-width: 300px) 100vw, 300px\" \/> <img loading=\"lazy\" decoding=\"async\" class=\"alignnone size-medium wp-image-132\" src=\"https:\/\/glorwa.com\/wp-content\/uploads\/2025\/01\/366344687_250797534494968_3828777819636438113_n-300x300.jpg\" alt=\"\" width=\"300\" height=\"300\" srcset=\"https:\/\/glorwa.com\/wp-content\/uploads\/2025\/01\/366344687_250797534494968_3828777819636438113_n-300x300.jpg 300w, https:\/\/glorwa.com\/wp-content\/uploads\/2025\/01\/366344687_250797534494968_3828777819636438113_n-100x100.jpg 100w, https:\/\/glorwa.com\/wp-content\/uploads\/2025\/01\/366344687_250797534494968_3828777819636438113_n-600x600.jpg 600w, https:\/\/glorwa.com\/wp-content\/uploads\/2025\/01\/366344687_250797534494968_3828777819636438113_n-1024x1024.jpg 1024w, https:\/\/glorwa.com\/wp-content\/uploads\/2025\/01\/366344687_250797534494968_3828777819636438113_n-150x150.jpg 150w, https:\/\/glorwa.com\/wp-content\/uploads\/2025\/01\/366344687_250797534494968_3828777819636438113_n-768x768.jpg 768w, https:\/\/glorwa.com\/wp-content\/uploads\/2025\/01\/366344687_250797534494968_3828777819636438113_n.jpg 1080w\" sizes=\"auto, (max-width: 300px) 100vw, 300px\" \/> <img loading=\"lazy\" decoding=\"async\" class=\"alignnone size-medium wp-image-130\" src=\"https:\/\/glorwa.com\/wp-content\/uploads\/2025\/01\/378539116_271339522440769_1707955918836180755_n-300x300.jpg\" alt=\"\" width=\"300\" height=\"300\" srcset=\"https:\/\/glorwa.com\/wp-content\/uploads\/2025\/01\/378539116_271339522440769_1707955918836180755_n-300x300.jpg 300w, https:\/\/glorwa.com\/wp-content\/uploads\/2025\/01\/378539116_271339522440769_1707955918836180755_n-100x100.jpg 100w, https:\/\/glorwa.com\/wp-content\/uploads\/2025\/01\/378539116_271339522440769_1707955918836180755_n-600x600.jpg 600w, https:\/\/glorwa.com\/wp-content\/uploads\/2025\/01\/378539116_271339522440769_1707955918836180755_n-1024x1024.jpg 1024w, https:\/\/glorwa.com\/wp-content\/uploads\/2025\/01\/378539116_271339522440769_1707955918836180755_n-150x150.jpg 150w, https:\/\/glorwa.com\/wp-content\/uploads\/2025\/01\/378539116_271339522440769_1707955918836180755_n-768x768.jpg 768w, https:\/\/glorwa.com\/wp-content\/uploads\/2025\/01\/378539116_271339522440769_1707955918836180755_n.jpg 1080w\" sizes=\"auto, (max-width: 300px) 100vw, 300px\" \/> <img loading=\"lazy\" decoding=\"async\" class=\"alignnone size-medium wp-image-129\" src=\"https:\/\/glorwa.com\/wp-content\/uploads\/2025\/01\/379277094_271339125774142_9077966376632665122_n-300x300.jpg\" alt=\"\" width=\"300\" height=\"300\" srcset=\"https:\/\/glorwa.com\/wp-content\/uploads\/2025\/01\/379277094_271339125774142_9077966376632665122_n-300x300.jpg 300w, https:\/\/glorwa.com\/wp-content\/uploads\/2025\/01\/379277094_271339125774142_9077966376632665122_n-100x100.jpg 100w, https:\/\/glorwa.com\/wp-content\/uploads\/2025\/01\/379277094_271339125774142_9077966376632665122_n-600x600.jpg 600w, https:\/\/glorwa.com\/wp-content\/uploads\/2025\/01\/379277094_271339125774142_9077966376632665122_n-1024x1024.jpg 1024w, https:\/\/glorwa.com\/wp-content\/uploads\/2025\/01\/379277094_271339125774142_9077966376632665122_n-150x150.jpg 150w, https:\/\/glorwa.com\/wp-content\/uploads\/2025\/01\/379277094_271339125774142_9077966376632665122_n-768x768.jpg 768w, https:\/\/glorwa.com\/wp-content\/uploads\/2025\/01\/379277094_271339125774142_9077966376632665122_n.jpg 1080w\" sizes=\"auto, (max-width: 300px) 100vw, 300px\" \/> <img loading=\"lazy\" decoding=\"async\" class=\"alignnone size-medium wp-image-128\" src=\"https:\/\/glorwa.com\/wp-content\/uploads\/2025\/01\/353733558_216927241215331_6497808166066900397_n-300x300.jpg\" alt=\"\" width=\"300\" height=\"300\" srcset=\"https:\/\/glorwa.com\/wp-content\/uploads\/2025\/01\/353733558_216927241215331_6497808166066900397_n-300x300.jpg 300w, https:\/\/glorwa.com\/wp-content\/uploads\/2025\/01\/353733558_216927241215331_6497808166066900397_n-100x100.jpg 100w, https:\/\/glorwa.com\/wp-content\/uploads\/2025\/01\/353733558_216927241215331_6497808166066900397_n-600x600.jpg 600w, https:\/\/glorwa.com\/wp-content\/uploads\/2025\/01\/353733558_216927241215331_6497808166066900397_n-1024x1024.jpg 1024w, https:\/\/glorwa.com\/wp-content\/uploads\/2025\/01\/353733558_216927241215331_6497808166066900397_n-150x150.jpg 150w, https:\/\/glorwa.com\/wp-content\/uploads\/2025\/01\/353733558_216927241215331_6497808166066900397_n-768x768.jpg 768w, https:\/\/glorwa.com\/wp-content\/uploads\/2025\/01\/353733558_216927241215331_6497808166066900397_n.jpg 1080w\" sizes=\"auto, (max-width: 300px) 100vw, 300px\" \/><\/p>\n","protected":false},"excerpt":{"rendered":"<p data-start=\"695\" data-end=\"938\">Le coffret Duo de Glorwa, c\u2019est l\u2019\u00e9quilibre parfait entre deux univers olfactifs. Id\u00e9al pour alterner selon l\u2019humeur ou partager un moment parfum\u00e9 \u00e0 deux. Pr\u00e9sent\u00e9s dans un \u00e9crin raffin\u00e9, les parfums se compl\u00e8tent et subliment votre quotidien.<\/p>\n<p data-start=\"940\" data-end=\"955\">\ud83d\udce6 Contient :<\/p>\n<ul data-start=\"956\" data-end=\"1054\">\n<li data-start=\"956\" data-end=\"975\">\n<p data-start=\"958\" data-end=\"975\">2 parfums 50 ml<\/p>\n<\/li>\n<li data-start=\"976\" data-end=\"1024\">\n<p data-start=\"978\" data-end=\"1024\">Pr\u00e9sentation soign\u00e9e avec garniture \u00e9l\u00e9gante<\/p>\n<\/li>\n<li data-start=\"1025\" data-end=\"1054\">\n<p data-start=\"1027\" data-end=\"1054\">Bo\u00eete robuste et esth\u00e9tique<\/p>\n<\/li>\n<\/ul>\n<p data-start=\"1056\" data-end=\"1129\">\ud83d\udca1 <strong data-start=\"1059\" data-end=\"1077\">Parfait pour :<\/strong> couples, duos m\u00e8re-fille, ou passionn\u00e9s de parfums.<\/p>\n","protected":false},"featured_media":235,"comment_status":"open","ping_status":"closed","template":"","meta":{"om_disable_all_campaigns":false,"_monsterinsights_skip_tracking":false,"_monsterinsights_sitenote_active":false,"_monsterinsights_sitenote_note":"","_monsterinsights_sitenote_category":0,"_uf_show_specific_survey":0,"_uf_disable_surveys":false},"product_brand":[],"product_cat":[21],"product_tag":[],"class_list":{"0":"post-201","1":"product","2":"type-product","3":"status-publish","4":"has-post-thumbnail","6":"product_cat-pack-glorwa","8":"first","9":"instock","10":"sale","11":"shipping-taxable","12":"purchasable","13":"product-type-easy_product_bundle"},"aioseo_notices":[],"jetpack_sharing_enabled":true,"_links":{"self":[{"href":"https:\/\/glorwa.com\/index.php?rest_route=\/wp\/v2\/product\/201","targetHints":{"allow":["GET"]}}],"collection":[{"href":"https:\/\/glorwa.com\/index.php?rest_route=\/wp\/v2\/product"}],"about":[{"href":"https:\/\/glorwa.com\/index.php?rest_route=\/wp\/v2\/types\/product"}],"replies":[{"embeddable":true,"href":"https:\/\/glorwa.com\/index.php?rest_route=%2Fwp%2Fv2%2Fcomments&post=201"}],"wp:featuredmedia":[{"embeddable":true,"href":"https:\/\/glorwa.com\/index.php?rest_route=\/wp\/v2\/media\/235"}],"wp:attachment":[{"href":"https:\/\/glorwa.com\/index.php?rest_route=%2Fwp%2Fv2%2Fmedia&parent=201"}],"wp:term":[{"taxonomy":"product_brand","embeddable":true,"href":"https:\/\/glorwa.com\/index.php?rest_route=%2Fwp%2Fv2%2Fproduct_brand&post=201"},{"taxonomy":"product_cat","embeddable":true,"href":"https:\/\/glorwa.com\/index.php?rest_route=%2Fwp%2Fv2%2Fproduct_cat&post=201"},{"taxonomy":"product_tag","embeddable":true,"href":"https:\/\/glorwa.com\/index.php?rest_route=%2Fwp%2Fv2%2Fproduct_tag&post=201"}],"curies":[{"name":"wp","href":"https:\/\/api.w.org\/{rel}","templated":true}]}}