{"id":386,"date":"2025-06-07T22:13:43","date_gmt":"2025-06-07T22:13:43","guid":{"rendered":"https:\/\/glorwa.com\/?post_type=product&#038;p=386"},"modified":"2025-06-09T19:26:56","modified_gmt":"2025-06-09T19:26:56","slug":"spice-bombe","status":"publish","type":"product","link":"https:\/\/glorwa.com\/?product=spice-bombe","title":{"rendered":"Spicebomb Night Vision de Viktor\u202f&#038;\u202fRolf \u2013 50\u202fml"},"content":{"rendered":"<h3 data-start=\"44\" data-end=\"138\"><strong data-start=\"50\" data-end=\"138\">Parfum G\u00e9n\u00e9rique Homme \u2013 Inspiration Spicebomb Night Vision de Viktor\u202f&amp;\u202fRolf \u2013 50\u202fml<\/strong><\/h3>\n<p data-start=\"140\" data-end=\"217\"><span class=\"relative -mx-px my-[-0.2rem] rounded px-px py-[0.2rem] transition-colors duration-100 ease-in-out\">Plongez dans une dualit\u00e9 captivante avec notre <strong data-start=\"47\" data-end=\"73\">parfum g\u00e9n\u00e9rique homme<\/strong>, inspir\u00e9 du complexe <strong data-start=\"95\" data-end=\"121\">Spicebomb Night Vision<\/strong>. Fid\u00e8le \u00e0 <strong data-start=\"132\" data-end=\"154\">96\u202f% de l\u2019original<\/strong>, cette fragrance riche et unique combine la fra\u00eecheur \u00e9nergisante des agrumes verts au contraste des \u00e9pices noires et d\u2019un c\u0153ur bois\u00e9 aromatique.<\/span><br data-start=\"177\" data-end=\"180\" \/><span class=\"relative -mx-px my-[-0.2rem] rounded px-px py-[0.2rem] transition-colors duration-100 ease-in-out\">Pr\u00e9sent\u00e9 dans un flacon inspir\u00e9 de la grenade originale, revisit\u00e9 en verre \u00e9meraude, ce parfum moderne associe intensit\u00e9 et raffinement pour l\u2019homme audacieux.<\/span><\/p>\n<p data-start=\"219\" data-end=\"256\"><span class=\"relative -mx-px my-[-0.2rem] rounded px-px py-[0.2rem] transition-colors duration-100 ease-in-out\">Une <strong data-start=\"4\" data-end=\"49\">alternative spectaculaire et sophistiqu\u00e9e<\/strong>, id\u00e9ale pour les soir\u00e9es, l\u2019automne et les amateurs de fragrances orientales-bois\u00e9es.<\/span><\/p>\n<p data-start=\"258\" data-end=\"381\"><strong data-start=\"258\" data-end=\"278\">Type de parfum :<\/strong> Eau de parfum g\u00e9n\u00e9rique<br data-start=\"302\" data-end=\"305\" \/><strong data-start=\"305\" data-end=\"321\">Contenance :<\/strong> 50\u202fml<br data-start=\"327\" data-end=\"330\" \/><strong data-start=\"330\" data-end=\"353\">Famille olfactive :<\/strong> Oriental Aromatique \u00c9pic\u00e9<\/p>\n<p data-start=\"383\" data-end=\"409\"><strong data-start=\"383\" data-end=\"407\">Pyramide olfactive :<\/strong><\/p>\n<ul data-start=\"410\" data-end=\"649\">\n<li data-start=\"410\" data-end=\"489\">\n<p data-start=\"412\" data-end=\"489\"><span class=\"relative -mx-px my-[-0.2rem] rounded px-px py-[0.2rem] transition-colors duration-100 ease-in-out\"><strong data-start=\"0\" data-end=\"19\" data-is-only-node=\"\">Notes de t\u00eate :<\/strong> Agrumes verts (Citron \u00c9lectrique, Pamplemousse, Citron vert), Poivre noir, Cardamome, Complexe \u00c9pices noires<\/span><\/p>\n<\/li>\n<li data-start=\"410\" data-end=\"489\">\n<p data-start=\"412\" data-end=\"489\"><span class=\"relative -mx-px my-[-0.2rem] rounded px-px py-[0.2rem] transition-colors duration-100 ease-in-out\"><strong data-start=\"0\" data-end=\"19\" data-is-only-node=\"\">Notes de c\u0153ur :<\/strong> Sauge sclar\u00e9e, G\u00e9ranium, Lavandin, Romarin, R\u00e9sine verte<\/span><\/p>\n<\/li>\n<li data-start=\"570\" data-end=\"649\">\n<p data-start=\"572\" data-end=\"649\"><span class=\"relative -mx-px my-[-0.2rem] rounded px-px py-[0.2rem] transition-colors duration-100 ease-in-out\"><strong data-start=\"0\" data-end=\"19\" data-is-only-node=\"\">Notes de fond :<\/strong> Encens, Baume de sapin (fir balsam), Bois de c\u00e8dre, Musc, Patchouli doux<\/span><\/p>\n<\/li>\n<\/ul>\n<p data-start=\"651\" data-end=\"918\"><strong data-start=\"651\" data-end=\"710\">Pourquoi choisir notre parfum inspir\u00e9 de Night Vision ?<\/strong><br data-start=\"710\" data-end=\"713\" \/><span class=\"relative -mx-px my-[-0.2rem] rounded px-px py-[0.2rem] transition-colors duration-100 ease-in-out\">\u2714\ufe0f Explosion olfactive entre fra\u00eecheur verte et \u00e9pices sombres<\/span> <br data-start=\"792\" data-end=\"795\" \/><span class=\"relative -mx-px my-[-0.2rem] rounded px-px py-[0.2rem] transition-colors duration-100 ease-in-out\">\u2714\ufe0f Tenue remarquable, fid\u00e8le \u00e0 une version Eau de Parfum riche<\/span><br data-start=\"874\" data-end=\"877\" \/><span class=\"relative -mx-px my-[-0.2rem] rounded px-px py-[0.2rem] transition-colors duration-100 ease-in-out\">\u2714\ufe0f Format 50\u202fml compact et \u00e9l\u00e9gant, id\u00e9al pour offrir ou emporter<\/span><\/p>\n","protected":false},"excerpt":{"rendered":"<p><strong data-start=\"925\" data-end=\"1008\">Parfum g\u00e9n\u00e9rique homme 50\u202fml inspir\u00e9 de Spicebomb Night Vision \u2013 Viktor\u202f&amp;\u202fRolf.<\/strong> Fragrance orientale aromatique \u00e0 96\u202f% fid\u00e8le, avec agrumes verts, poivre noir, encens et musc. Intense, vibrant, moderne.<\/p>\n","protected":false},"featured_media":515,"comment_status":"open","ping_status":"closed","template":"","meta":{"om_disable_all_campaigns":false,"_monsterinsights_skip_tracking":false,"_monsterinsights_sitenote_active":false,"_monsterinsights_sitenote_note":"","_monsterinsights_sitenote_category":0,"_uf_show_specific_survey":0,"_uf_disable_surveys":false},"product_brand":[],"product_cat":[32,33],"product_tag":[],"class_list":{"0":"post-386","1":"product","2":"type-product","3":"status-publish","4":"has-post-thumbnail","6":"product_cat-parfum-homme","7":"product_cat-parfum-unisexe","9":"first","10":"instock","11":"sale","12":"shipping-taxable","13":"purchasable","14":"product-type-simple"},"aioseo_notices":[],"jetpack_sharing_enabled":true,"_links":{"self":[{"href":"https:\/\/glorwa.com\/index.php?rest_route=\/wp\/v2\/product\/386","targetHints":{"allow":["GET"]}}],"collection":[{"href":"https:\/\/glorwa.com\/index.php?rest_route=\/wp\/v2\/product"}],"about":[{"href":"https:\/\/glorwa.com\/index.php?rest_route=\/wp\/v2\/types\/product"}],"replies":[{"embeddable":true,"href":"https:\/\/glorwa.com\/index.php?rest_route=%2Fwp%2Fv2%2Fcomments&post=386"}],"wp:featuredmedia":[{"embeddable":true,"href":"https:\/\/glorwa.com\/index.php?rest_route=\/wp\/v2\/media\/515"}],"wp:attachment":[{"href":"https:\/\/glorwa.com\/index.php?rest_route=%2Fwp%2Fv2%2Fmedia&parent=386"}],"wp:term":[{"taxonomy":"product_brand","embeddable":true,"href":"https:\/\/glorwa.com\/index.php?rest_route=%2Fwp%2Fv2%2Fproduct_brand&post=386"},{"taxonomy":"product_cat","embeddable":true,"href":"https:\/\/glorwa.com\/index.php?rest_route=%2Fwp%2Fv2%2Fproduct_cat&post=386"},{"taxonomy":"product_tag","embeddable":true,"href":"https:\/\/glorwa.com\/index.php?rest_route=%2Fwp%2Fv2%2Fproduct_tag&post=386"}],"curies":[{"name":"wp","href":"https:\/\/api.w.org\/{rel}","templated":true}]}}