{"id":408,"date":"2025-06-07T22:13:50","date_gmt":"2025-06-07T22:13:50","guid":{"rendered":"https:\/\/glorwa.com\/?product=hypnose"},"modified":"2025-06-07T22:13:50","modified_gmt":"2025-06-07T22:13:50","slug":"hypnose","status":"publish","type":"product","link":"https:\/\/glorwa.com\/?product=hypnose","title":{"rendered":"HYPNOSE"},"content":{"rendered":"","protected":false},"excerpt":{"rendered":"<p>Un parfum sucr\u00e9 et vanill\u00e9 avec fleur de passion, jasmin et v\u00e9tiver.<\/p>\n","protected":false},"featured_media":0,"comment_status":"open","ping_status":"closed","template":"","meta":{"om_disable_all_campaigns":false,"_monsterinsights_skip_tracking":false,"_monsterinsights_sitenote_active":false,"_monsterinsights_sitenote_note":"","_monsterinsights_sitenote_category":0,"_uf_show_specific_survey":0,"_uf_disable_surveys":false},"product_brand":[],"product_cat":[33],"product_tag":[],"class_list":{"0":"post-408","1":"product","2":"type-product","3":"status-publish","5":"product_cat-parfum-unisexe","7":"first","8":"instock","9":"sale","10":"shipping-taxable","11":"purchasable","12":"product-type-simple"},"aioseo_notices":[],"jetpack_sharing_enabled":true,"_links":{"self":[{"href":"https:\/\/glorwa.com\/index.php?rest_route=\/wp\/v2\/product\/408","targetHints":{"allow":["GET"]}}],"collection":[{"href":"https:\/\/glorwa.com\/index.php?rest_route=\/wp\/v2\/product"}],"about":[{"href":"https:\/\/glorwa.com\/index.php?rest_route=\/wp\/v2\/types\/product"}],"replies":[{"embeddable":true,"href":"https:\/\/glorwa.com\/index.php?rest_route=%2Fwp%2Fv2%2Fcomments&post=408"}],"wp:attachment":[{"href":"https:\/\/glorwa.com\/index.php?rest_route=%2Fwp%2Fv2%2Fmedia&parent=408"}],"wp:term":[{"taxonomy":"product_brand","embeddable":true,"href":"https:\/\/glorwa.com\/index.php?rest_route=%2Fwp%2Fv2%2Fproduct_brand&post=408"},{"taxonomy":"product_cat","embeddable":true,"href":"https:\/\/glorwa.com\/index.php?rest_route=%2Fwp%2Fv2%2Fproduct_cat&post=408"},{"taxonomy":"product_tag","embeddable":true,"href":"https:\/\/glorwa.com\/index.php?rest_route=%2Fwp%2Fv2%2Fproduct_tag&post=408"}],"curies":[{"name":"wp","href":"https:\/\/api.w.org\/{rel}","templated":true}]}}